{"id":323,"date":"2023-02-28T18:25:34","date_gmt":"2023-02-28T17:25:34","guid":{"rendered":"http:\/\/gauledescoudans.fr\/?page_id=323"},"modified":"2026-02-02T08:41:22","modified_gmt":"2026-02-02T07:41:22","slug":"actualites","status":"publish","type":"page","link":"https:\/\/gauledescoudans.fr\/index.php\/actualites\/","title":{"rendered":"Actualit\u00e9s"},"content":{"rendered":"\n<hr class=\"wp-block-separator has-alpha-channel-opacity\"\/>\n\n\n\n<div class=\"wp-block-media-text is-stacked-on-mobile\"><figure class=\"wp-block-media-text__media\"><img loading=\"lazy\" decoding=\"async\" width=\"1024\" height=\"771\" src=\"https:\/\/gauledescoudans.fr\/wp-content\/uploads\/2026\/02\/tabac2-1024x771.jpg\" alt=\"\" class=\"wp-image-1122 size-full\" srcset=\"https:\/\/gauledescoudans.fr\/wp-content\/uploads\/2026\/02\/tabac2-1024x771.jpg 1024w, https:\/\/gauledescoudans.fr\/wp-content\/uploads\/2026\/02\/tabac2-300x226.jpg 300w, https:\/\/gauledescoudans.fr\/wp-content\/uploads\/2026\/02\/tabac2-768x578.jpg 768w, https:\/\/gauledescoudans.fr\/wp-content\/uploads\/2026\/02\/tabac2-1536x1157.jpg 1536w, https:\/\/gauledescoudans.fr\/wp-content\/uploads\/2026\/02\/tabac2.jpg 2048w\" sizes=\"auto, (max-width: 1024px) 100vw, 1024px\" \/><\/figure><div class=\"wp-block-media-text__content\">\n<p>Un nouveau d\u00e9positaire de <strong>cartes lac \u00e0 la journ\u00e9e<\/strong> nous a rejoint sur le secteur de Cognin : le <strong>Tabac presse du Ch\u00e2teau<\/strong>, 1 rue Massenet<em>(rond bleu)<\/em>.<\/p>\n<\/div><\/div>\n\n\n\n<figure class=\"wp-block-gallery aligncenter has-nested-images columns-default is-cropped wp-block-gallery-1 is-layout-flex wp-block-gallery-is-layout-flex\">\n<figure class=\"wp-block-image size-large\"><img loading=\"lazy\" decoding=\"async\" width=\"266\" height=\"384\" data-id=\"1123\" src=\"https:\/\/gauledescoudans.fr\/wp-content\/uploads\/2026\/02\/tabac-plan.jpg\" alt=\"\" class=\"wp-image-1123\" srcset=\"https:\/\/gauledescoudans.fr\/wp-content\/uploads\/2026\/02\/tabac-plan.jpg 266w, https:\/\/gauledescoudans.fr\/wp-content\/uploads\/2026\/02\/tabac-plan-208x300.jpg 208w\" sizes=\"auto, (max-width: 266px) 100vw, 266px\" \/><\/figure>\n\n\n\n<figure class=\"wp-block-image aligncenter size-large\"><img loading=\"lazy\" decoding=\"async\" width=\"474\" height=\"356\" data-id=\"1124\" src=\"https:\/\/gauledescoudans.fr\/wp-content\/uploads\/2026\/02\/tabac-1-1.webp\" alt=\"\" class=\"wp-image-1124\" srcset=\"https:\/\/gauledescoudans.fr\/wp-content\/uploads\/2026\/02\/tabac-1-1.webp 474w, https:\/\/gauledescoudans.fr\/wp-content\/uploads\/2026\/02\/tabac-1-1-300x225.webp 300w\" sizes=\"auto, (max-width: 474px) 100vw, 474px\" \/><\/figure>\n<\/figure>\n\n\n\n<hr class=\"wp-block-separator has-alpha-channel-opacity\"\/>\n\n\n\n<p class=\"has-text-align-center\"><strong>La Maison de la p\u00eache se refait une beaut\u00e9.<\/strong><\/p>\n\n\n\n<p>Apr\u00e8s l&#8217;installation de nouveaux luminaires pour un meilleur \u00e9clairage, c&#8217;est \u00e0 l&#8217;ext\u00e9rieur que se d\u00e9roulent actuellement de gros travaux d&#8217;am\u00e9nagement : abords imm\u00e9diats, marches, terrasse&#8230;  Ult\u00e9rieurement, la r\u00e9fection du chemin sera programm\u00e9e.<\/p>\n\n\n\n<figure class=\"wp-block-gallery has-nested-images columns-default is-cropped wp-block-gallery-2 is-layout-flex wp-block-gallery-is-layout-flex\">\n<figure class=\"wp-block-image size-large\"><img loading=\"lazy\" decoding=\"async\" width=\"771\" height=\"1024\" data-id=\"1062\" src=\"https:\/\/gauledescoudans.fr\/wp-content\/uploads\/2025\/10\/maison-travaux-c-771x1024.jpg\" alt=\"\" class=\"wp-image-1062\" srcset=\"https:\/\/gauledescoudans.fr\/wp-content\/uploads\/2025\/10\/maison-travaux-c-771x1024.jpg 771w, https:\/\/gauledescoudans.fr\/wp-content\/uploads\/2025\/10\/maison-travaux-c-226x300.jpg 226w, https:\/\/gauledescoudans.fr\/wp-content\/uploads\/2025\/10\/maison-travaux-c-768x1021.jpg 768w, https:\/\/gauledescoudans.fr\/wp-content\/uploads\/2025\/10\/maison-travaux-c-1156x1536.jpg 1156w, https:\/\/gauledescoudans.fr\/wp-content\/uploads\/2025\/10\/maison-travaux-c.jpg 1204w\" sizes=\"auto, (max-width: 771px) 100vw, 771px\" \/><\/figure>\n\n\n\n<figure class=\"wp-block-image size-large\"><img loading=\"lazy\" decoding=\"async\" width=\"1024\" height=\"771\" data-id=\"1063\" src=\"https:\/\/gauledescoudans.fr\/wp-content\/uploads\/2025\/10\/maison-travaux-a-1024x771.jpg\" alt=\"\" class=\"wp-image-1063\" srcset=\"https:\/\/gauledescoudans.fr\/wp-content\/uploads\/2025\/10\/maison-travaux-a-1024x771.jpg 1024w, https:\/\/gauledescoudans.fr\/wp-content\/uploads\/2025\/10\/maison-travaux-a-300x226.jpg 300w, https:\/\/gauledescoudans.fr\/wp-content\/uploads\/2025\/10\/maison-travaux-a-768x578.jpg 768w, https:\/\/gauledescoudans.fr\/wp-content\/uploads\/2025\/10\/maison-travaux-a-1536x1156.jpg 1536w, https:\/\/gauledescoudans.fr\/wp-content\/uploads\/2025\/10\/maison-travaux-a.jpg 1600w\" sizes=\"auto, (max-width: 1024px) 100vw, 1024px\" \/><\/figure>\n\n\n\n<figure class=\"wp-block-image size-large\"><img loading=\"lazy\" decoding=\"async\" width=\"771\" height=\"1024\" data-id=\"1064\" src=\"https:\/\/gauledescoudans.fr\/wp-content\/uploads\/2025\/10\/maison-travaux-b-771x1024.jpg\" alt=\"\" class=\"wp-image-1064\" srcset=\"https:\/\/gauledescoudans.fr\/wp-content\/uploads\/2025\/10\/maison-travaux-b-771x1024.jpg 771w, https:\/\/gauledescoudans.fr\/wp-content\/uploads\/2025\/10\/maison-travaux-b-226x300.jpg 226w, https:\/\/gauledescoudans.fr\/wp-content\/uploads\/2025\/10\/maison-travaux-b-768x1021.jpg 768w, https:\/\/gauledescoudans.fr\/wp-content\/uploads\/2025\/10\/maison-travaux-b-1156x1536.jpg 1156w, https:\/\/gauledescoudans.fr\/wp-content\/uploads\/2025\/10\/maison-travaux-b.jpg 1204w\" sizes=\"auto, (max-width: 771px) 100vw, 771px\" \/><\/figure>\n\n\n\n<figure class=\"wp-block-image size-large\"><img loading=\"lazy\" decoding=\"async\" width=\"1024\" height=\"768\" data-id=\"1072\" src=\"https:\/\/gauledescoudans.fr\/wp-content\/uploads\/2025\/10\/20251018_150244-1024x768.jpg\" alt=\"\" class=\"wp-image-1072\" srcset=\"https:\/\/gauledescoudans.fr\/wp-content\/uploads\/2025\/10\/20251018_150244-1024x768.jpg 1024w, https:\/\/gauledescoudans.fr\/wp-content\/uploads\/2025\/10\/20251018_150244-300x225.jpg 300w, https:\/\/gauledescoudans.fr\/wp-content\/uploads\/2025\/10\/20251018_150244-768x576.jpg 768w, https:\/\/gauledescoudans.fr\/wp-content\/uploads\/2025\/10\/20251018_150244-1536x1152.jpg 1536w, https:\/\/gauledescoudans.fr\/wp-content\/uploads\/2025\/10\/20251018_150244-2048x1536.jpg 2048w\" sizes=\"auto, (max-width: 1024px) 100vw, 1024px\" \/><\/figure>\n<\/figure>\n\n\n\n<hr class=\"wp-block-separator has-alpha-channel-opacity\"\/>\n\n\n\n<p><\/p>\n\n\n\n<p><\/p>\n","protected":false},"excerpt":{"rendered":"<p>Un nouveau d\u00e9positaire de cartes lac \u00e0 la journ\u00e9e nous a rejoint sur le secteur de Cognin : le Tabac presse du Ch\u00e2teau, 1 rue Massenet(rond bleu). La Maison de la p\u00eache se refait une beaut\u00e9. Apr\u00e8s l&#8217;installation de nouveaux luminaires pour un meilleur \u00e9clairage, c&#8217;est \u00e0 l&#8217;ext\u00e9rieur que se d\u00e9roulent actuellement de gros travaux [&hellip;]<\/p>\n","protected":false},"author":1,"featured_media":0,"parent":0,"menu_order":2,"comment_status":"closed","ping_status":"closed","template":"","meta":{"footnotes":""},"class_list":["post-323","page","type-page","status-publish","hentry"],"_links":{"self":[{"href":"https:\/\/gauledescoudans.fr\/index.php\/wp-json\/wp\/v2\/pages\/323","targetHints":{"allow":["GET"]}}],"collection":[{"href":"https:\/\/gauledescoudans.fr\/index.php\/wp-json\/wp\/v2\/pages"}],"about":[{"href":"https:\/\/gauledescoudans.fr\/index.php\/wp-json\/wp\/v2\/types\/page"}],"author":[{"embeddable":true,"href":"https:\/\/gauledescoudans.fr\/index.php\/wp-json\/wp\/v2\/users\/1"}],"replies":[{"embeddable":true,"href":"https:\/\/gauledescoudans.fr\/index.php\/wp-json\/wp\/v2\/comments?post=323"}],"version-history":[{"count":87,"href":"https:\/\/gauledescoudans.fr\/index.php\/wp-json\/wp\/v2\/pages\/323\/revisions"}],"predecessor-version":[{"id":1125,"href":"https:\/\/gauledescoudans.fr\/index.php\/wp-json\/wp\/v2\/pages\/323\/revisions\/1125"}],"wp:attachment":[{"href":"https:\/\/gauledescoudans.fr\/index.php\/wp-json\/wp\/v2\/media?parent=323"}],"curies":[{"name":"wp","href":"https:\/\/api.w.org\/{rel}","templated":true}]}}