{"id":3,"date":"2023-02-01T18:27:27","date_gmt":"2023-02-01T17:27:27","guid":{"rendered":"http:\/\/gauledescoudans.fr\/?page_id=3"},"modified":"2023-04-06T09:40:57","modified_gmt":"2023-04-06T07:40:57","slug":"politique-de-confidentialite","status":"publish","type":"page","link":"https:\/\/gauledescoudans.fr\/index.php\/adhesions-et-contacts\/politique-de-confidentialite\/","title":{"rendered":"Politique de confidentialit\u00e9"},"content":{"rendered":"\n<hr class=\"wp-block-separator has-alpha-channel-opacity\"\/>\n\n\n\n<p>L\u2019adresse de notre site est&nbsp;: http:\/\/gauledescoudans.fr<\/p>\n\n\n\n<hr class=\"wp-block-separator has-alpha-channel-opacity\"\/>\n\n\n\n<h2 class=\"wp-block-heading has-large-font-size\">Utilisation des donn\u00e9es personnelles collect\u00e9es<\/h2>\n\n\n\n<p>Vos donn\u00e9es personnelles sont collect\u00e9es dans notre listing annuel lorsque vous nous adressez une demande d&#8217;adh\u00e9sion :<\/p>\n\n\n\n<ul class=\"wp-block-list\">\n<li>Nom, pr\u00e9nom<\/li>\n\n\n\n<li>Date de naissance<\/li>\n\n\n\n<li>Adresse<\/li>\n\n\n\n<li>T\u00e9l\u00e9phone<\/li>\n\n\n\n<li>Adresse mail<\/li>\n\n\n\n<li>Autorisation ou non d&#8217;utiliser les photos de vous ou de vos enfants (droit \u00e0 l&#8217;image).<\/li>\n<\/ul>\n\n\n\n<p>Seule l&#8217;association utilise ces donn\u00e9es. <\/p>\n\n\n\n<p>En aucun cas nos fichiers ne sont c\u00e9d\u00e9s \u00e0 quiconque.<\/p>\n\n\n\n<p>Nous utilisons ces informations afin de vous informer durant l&#8217;ann\u00e9e des activit\u00e9s de notre association, des p\u00e9riodes d&#8217;ouverture ou de fermeture par exemple, des rendez-vous divers, date de l&#8217;AG etc&#8230; <\/p>\n\n\n\n<p>Ces informations nous permettent aussi d&#8217;avoir des statistiques chaque ann\u00e9e : nombre de p\u00eacheurs, type de p\u00eache (rivi\u00e8re et (ou) lac), \u00e2ge, etc&#8230; dont nous rendons compte lors de l&#8217;assembl\u00e9e g\u00e9n\u00e9rale.<\/p>\n\n\n\n<p>Notre outil, WordPress, ne collecte aucune donn\u00e9e personnelle sur les visiteurs.<\/p>\n\n\n\n<hr class=\"wp-block-separator has-alpha-channel-opacity\"\/>\n\n\n\n<h2 class=\"wp-block-heading has-large-font-size\">Statistiques et mesures d\u2019audience<\/h2>\n\n\n\n<p>Notre h\u00e9bergeur OVH utilise des outils de statistiques anonymes (nombre de visites sur le site, pages vues etc&#8230;). Pour tous renseignement concernant la politique de confidentialit\u00e9 d&#8217;OVH : https:\/\/www.ovhcloud.com\/fr\/personal-data-protection\/ <\/p>\n\n\n\n<p>WordPress ne collecte aucune statistique des visites. <\/p>\n\n\n\n<hr class=\"wp-block-separator has-alpha-channel-opacity\"\/>\n\n\n\n<h2 class=\"wp-block-heading has-large-font-size\">Informations de contact<\/h2>\n\n\n\n<p>Vous pouvez nous contacter par mail ou t\u00e9l\u00e9phone pour toute demande concernant la vie priv\u00e9e. <\/p>\n\n\n\n<hr class=\"wp-block-separator has-alpha-channel-opacity\"\/>\n","protected":false},"excerpt":{"rendered":"<p>L\u2019adresse de notre site est&nbsp;: http:\/\/gauledescoudans.fr Utilisation des donn\u00e9es personnelles collect\u00e9es Vos donn\u00e9es personnelles sont collect\u00e9es dans notre listing annuel lorsque vous nous adressez une demande d&#8217;adh\u00e9sion : Seule l&#8217;association utilise ces donn\u00e9es. En aucun cas nos fichiers ne sont c\u00e9d\u00e9s \u00e0 quiconque. Nous utilisons ces informations afin de vous informer durant l&#8217;ann\u00e9e des activit\u00e9s [&hellip;]<\/p>\n","protected":false},"author":1,"featured_media":0,"parent":27,"menu_order":3,"comment_status":"closed","ping_status":"open","template":"","meta":{"footnotes":""},"class_list":["post-3","page","type-page","status-publish","hentry"],"_links":{"self":[{"href":"https:\/\/gauledescoudans.fr\/index.php\/wp-json\/wp\/v2\/pages\/3","targetHints":{"allow":["GET"]}}],"collection":[{"href":"https:\/\/gauledescoudans.fr\/index.php\/wp-json\/wp\/v2\/pages"}],"about":[{"href":"https:\/\/gauledescoudans.fr\/index.php\/wp-json\/wp\/v2\/types\/page"}],"author":[{"embeddable":true,"href":"https:\/\/gauledescoudans.fr\/index.php\/wp-json\/wp\/v2\/users\/1"}],"replies":[{"embeddable":true,"href":"https:\/\/gauledescoudans.fr\/index.php\/wp-json\/wp\/v2\/comments?post=3"}],"version-history":[{"count":7,"href":"https:\/\/gauledescoudans.fr\/index.php\/wp-json\/wp\/v2\/pages\/3\/revisions"}],"predecessor-version":[{"id":443,"href":"https:\/\/gauledescoudans.fr\/index.php\/wp-json\/wp\/v2\/pages\/3\/revisions\/443"}],"up":[{"embeddable":true,"href":"https:\/\/gauledescoudans.fr\/index.php\/wp-json\/wp\/v2\/pages\/27"}],"wp:attachment":[{"href":"https:\/\/gauledescoudans.fr\/index.php\/wp-json\/wp\/v2\/media?parent=3"}],"curies":[{"name":"wp","href":"https:\/\/api.w.org\/{rel}","templated":true}]}}