{"id":183,"date":"2023-02-07T10:33:30","date_gmt":"2023-02-07T09:33:30","guid":{"rendered":"http:\/\/gauledescoudans.fr\/?page_id=183"},"modified":"2024-12-13T11:37:09","modified_gmt":"2024-12-13T10:37:09","slug":"belles-captures","status":"publish","type":"page","link":"https:\/\/gauledescoudans.fr\/index.php\/le-lac-de-la-pisserotte\/belles-captures\/","title":{"rendered":"Belles captures"},"content":{"rendered":"\n<h2 class=\"wp-block-heading has-text-align-center has-large-font-size\">Au lac&#8230;<\/h2>\n\n\n\n<p><strong>Les belles captures de 2024<\/strong><\/p>\n\n\n\n<div class=\"wp-block-media-text alignwide is-stacked-on-mobile\" style=\"grid-template-columns:25% auto\"><figure class=\"wp-block-media-text__media\"><img loading=\"lazy\" decoding=\"async\" width=\"600\" height=\"800\" src=\"http:\/\/gauledescoudans.fr\/wp-content\/uploads\/2024\/02\/capture-2024-Lou.jpg\" alt=\"\" class=\"wp-image-691 size-full\" srcset=\"https:\/\/gauledescoudans.fr\/wp-content\/uploads\/2024\/02\/capture-2024-Lou.jpg 600w, https:\/\/gauledescoudans.fr\/wp-content\/uploads\/2024\/02\/capture-2024-Lou-225x300.jpg 225w\" sizes=\"auto, (max-width: 600px) 100vw, 600px\" \/><\/figure><div class=\"wp-block-media-text__content\">\n<p>Bravo \u00e0 Lou, 5 ans, qui inaugure notre &#8220;tableau d&#8217;honneur&#8221; 2024 des p\u00eacheurs lac avec cette premi\u00e8re belle capture le 24 f\u00e9vrier. Toutes nos f\u00e9licitations !<\/p>\n<\/div><\/div>\n\n\n\n<hr class=\"wp-block-separator has-alpha-channel-opacity\"\/>\n\n\n\n<div class=\"wp-block-media-text alignwide has-media-on-the-right is-stacked-on-mobile\" style=\"grid-template-columns:auto 25%\"><div class=\"wp-block-media-text__content\">\n<p>Toutes nos f\u00e9licitations \u00e0 Anthony D pour cette superbe carpe, prise avec un petit leurre dur et remise \u00e0 l&#8217;eau peu apr\u00e8s.<\/p>\n<\/div><figure class=\"wp-block-media-text__media\"><img loading=\"lazy\" decoding=\"async\" width=\"768\" height=\"1024\" src=\"http:\/\/gauledescoudans.fr\/wp-content\/uploads\/2024\/05\/20240428_164727-768x1024.jpg\" alt=\"\" class=\"wp-image-744 size-full\" srcset=\"https:\/\/gauledescoudans.fr\/wp-content\/uploads\/2024\/05\/20240428_164727-768x1024.jpg 768w, https:\/\/gauledescoudans.fr\/wp-content\/uploads\/2024\/05\/20240428_164727-225x300.jpg 225w, https:\/\/gauledescoudans.fr\/wp-content\/uploads\/2024\/05\/20240428_164727-1152x1536.jpg 1152w, https:\/\/gauledescoudans.fr\/wp-content\/uploads\/2024\/05\/20240428_164727-1536x2048.jpg 1536w, https:\/\/gauledescoudans.fr\/wp-content\/uploads\/2024\/05\/20240428_164727-scaled.jpg 1920w\" sizes=\"auto, (max-width: 768px) 100vw, 768px\" \/><\/figure><\/div>\n\n\n\n<hr class=\"wp-block-separator has-alpha-channel-opacity\"\/>\n\n\n\n<h2 class=\"wp-block-heading has-text-align-center has-large-font-size\">En rivi\u00e8re<\/h2>\n\n\n\n<div class=\"wp-block-media-text alignwide has-media-on-the-right is-stacked-on-mobile\"><div class=\"wp-block-media-text__content\">\n<p>Une belle fario du jour m\u00eame de l&#8217;ouverture : 610g pour 39cm ! Bravo Patrick !<\/p>\n<\/div><figure class=\"wp-block-media-text__media\"><img loading=\"lazy\" decoding=\"async\" width=\"1024\" height=\"768\" src=\"http:\/\/gauledescoudans.fr\/wp-content\/uploads\/2024\/05\/patrick-berard-39cm-610g-1024x768.jpg\" alt=\"\" class=\"wp-image-743 size-full\" srcset=\"https:\/\/gauledescoudans.fr\/wp-content\/uploads\/2024\/05\/patrick-berard-39cm-610g-1024x768.jpg 1024w, https:\/\/gauledescoudans.fr\/wp-content\/uploads\/2024\/05\/patrick-berard-39cm-610g-300x225.jpg 300w, https:\/\/gauledescoudans.fr\/wp-content\/uploads\/2024\/05\/patrick-berard-39cm-610g-768x576.jpg 768w, https:\/\/gauledescoudans.fr\/wp-content\/uploads\/2024\/05\/patrick-berard-39cm-610g-1536x1152.jpg 1536w, https:\/\/gauledescoudans.fr\/wp-content\/uploads\/2024\/05\/patrick-berard-39cm-610g.jpg 2016w\" sizes=\"auto, (max-width: 1024px) 100vw, 1024px\" \/><\/figure><\/div>\n\n\n\n<hr class=\"wp-block-separator has-alpha-channel-opacity\"\/>\n\n\n\n<p>Truites, black-bass, carpes, brochets&#8230; Certaines prises au lac font r\u00eaver !<\/p>\n\n\n\n<figure class=\"wp-block-gallery has-nested-images columns-default is-cropped wp-block-gallery-1 is-layout-flex wp-block-gallery-is-layout-flex\">\n<figure class=\"wp-block-image size-large\"><img loading=\"lazy\" decoding=\"async\" width=\"720\" height=\"577\" data-id=\"186\" src=\"http:\/\/gauledescoudans.fr\/wp-content\/uploads\/2023\/02\/carpe-mai.jpg\" alt=\"\" class=\"wp-image-186\" srcset=\"https:\/\/gauledescoudans.fr\/wp-content\/uploads\/2023\/02\/carpe-mai.jpg 720w, https:\/\/gauledescoudans.fr\/wp-content\/uploads\/2023\/02\/carpe-mai-300x240.jpg 300w\" sizes=\"auto, (max-width: 720px) 100vw, 720px\" \/><\/figure>\n\n\n\n<figure class=\"wp-block-image size-large\"><img loading=\"lazy\" decoding=\"async\" width=\"768\" height=\"1024\" data-id=\"208\" src=\"http:\/\/gauledescoudans.fr\/wp-content\/uploads\/2023\/02\/capture-black-Charlie-janvier-2021-768x1024.jpg\" alt=\"\" class=\"wp-image-208\" srcset=\"https:\/\/gauledescoudans.fr\/wp-content\/uploads\/2023\/02\/capture-black-Charlie-janvier-2021-768x1024.jpg 768w, https:\/\/gauledescoudans.fr\/wp-content\/uploads\/2023\/02\/capture-black-Charlie-janvier-2021-225x300.jpg 225w, https:\/\/gauledescoudans.fr\/wp-content\/uploads\/2023\/02\/capture-black-Charlie-janvier-2021.jpg 1018w\" sizes=\"auto, (max-width: 768px) 100vw, 768px\" \/><\/figure>\n\n\n\n<figure class=\"wp-block-image size-large\"><img loading=\"lazy\" decoding=\"async\" width=\"1024\" height=\"768\" data-id=\"209\" src=\"http:\/\/gauledescoudans.fr\/wp-content\/uploads\/2023\/02\/IMG_20210410_113954-1024x768.jpg\" alt=\"\" class=\"wp-image-209\" srcset=\"https:\/\/gauledescoudans.fr\/wp-content\/uploads\/2023\/02\/IMG_20210410_113954-1024x768.jpg 1024w, https:\/\/gauledescoudans.fr\/wp-content\/uploads\/2023\/02\/IMG_20210410_113954-300x225.jpg 300w, https:\/\/gauledescoudans.fr\/wp-content\/uploads\/2023\/02\/IMG_20210410_113954-768x576.jpg 768w, https:\/\/gauledescoudans.fr\/wp-content\/uploads\/2023\/02\/IMG_20210410_113954.jpg 1200w\" sizes=\"auto, (max-width: 1024px) 100vw, 1024px\" \/><\/figure>\n\n\n\n<figure class=\"wp-block-image size-large\"><img loading=\"lazy\" decoding=\"async\" width=\"720\" height=\"673\" data-id=\"210\" src=\"http:\/\/gauledescoudans.fr\/wp-content\/uploads\/2023\/02\/truite-Jacques-fev-2020.jpg\" alt=\"\" class=\"wp-image-210\" srcset=\"https:\/\/gauledescoudans.fr\/wp-content\/uploads\/2023\/02\/truite-Jacques-fev-2020.jpg 720w, https:\/\/gauledescoudans.fr\/wp-content\/uploads\/2023\/02\/truite-Jacques-fev-2020-300x280.jpg 300w\" sizes=\"auto, (max-width: 720px) 100vw, 720px\" \/><\/figure>\n\n\n\n<figure class=\"wp-block-image size-large\"><img loading=\"lazy\" decoding=\"async\" width=\"1024\" height=\"785\" data-id=\"212\" src=\"http:\/\/gauledescoudans.fr\/wp-content\/uploads\/2023\/02\/capture-brochet-Gorraz-10kg-116m-1024x785.jpg\" alt=\"\" class=\"wp-image-212\" srcset=\"https:\/\/gauledescoudans.fr\/wp-content\/uploads\/2023\/02\/capture-brochet-Gorraz-10kg-116m-1024x785.jpg 1024w, https:\/\/gauledescoudans.fr\/wp-content\/uploads\/2023\/02\/capture-brochet-Gorraz-10kg-116m-300x230.jpg 300w, https:\/\/gauledescoudans.fr\/wp-content\/uploads\/2023\/02\/capture-brochet-Gorraz-10kg-116m-768x588.jpg 768w, https:\/\/gauledescoudans.fr\/wp-content\/uploads\/2023\/02\/capture-brochet-Gorraz-10kg-116m-1536x1177.jpg 1536w, https:\/\/gauledescoudans.fr\/wp-content\/uploads\/2023\/02\/capture-brochet-Gorraz-10kg-116m-2048x1569.jpg 2048w\" sizes=\"auto, (max-width: 1024px) 100vw, 1024px\" \/><\/figure>\n\n\n\n<figure class=\"wp-block-image size-large\"><img loading=\"lazy\" decoding=\"async\" width=\"555\" height=\"687\" data-id=\"213\" src=\"http:\/\/gauledescoudans.fr\/wp-content\/uploads\/2023\/02\/Noe.jpg\" alt=\"\" class=\"wp-image-213\" srcset=\"https:\/\/gauledescoudans.fr\/wp-content\/uploads\/2023\/02\/Noe.jpg 555w, https:\/\/gauledescoudans.fr\/wp-content\/uploads\/2023\/02\/Noe-242x300.jpg 242w\" sizes=\"auto, (max-width: 555px) 100vw, 555px\" \/><\/figure>\n\n\n\n<figure class=\"wp-block-image size-large\"><img loading=\"lazy\" decoding=\"async\" width=\"1024\" height=\"833\" data-id=\"214\" src=\"http:\/\/gauledescoudans.fr\/wp-content\/uploads\/2023\/02\/ST-Capture-2018-truite-lac-petit-Justin-1024x833.jpg\" alt=\"\" class=\"wp-image-214\" srcset=\"https:\/\/gauledescoudans.fr\/wp-content\/uploads\/2023\/02\/ST-Capture-2018-truite-lac-petit-Justin-1024x833.jpg 1024w, https:\/\/gauledescoudans.fr\/wp-content\/uploads\/2023\/02\/ST-Capture-2018-truite-lac-petit-Justin-300x244.jpg 300w, https:\/\/gauledescoudans.fr\/wp-content\/uploads\/2023\/02\/ST-Capture-2018-truite-lac-petit-Justin-768x624.jpg 768w, https:\/\/gauledescoudans.fr\/wp-content\/uploads\/2023\/02\/ST-Capture-2018-truite-lac-petit-Justin.jpg 1054w\" sizes=\"auto, (max-width: 1024px) 100vw, 1024px\" \/><\/figure>\n\n\n\n<figure class=\"wp-block-image size-large\"><img loading=\"lazy\" decoding=\"async\" width=\"483\" height=\"525\" data-id=\"215\" src=\"http:\/\/gauledescoudans.fr\/wp-content\/uploads\/2023\/02\/truite-meline-2.jpg\" alt=\"\" class=\"wp-image-215\" srcset=\"https:\/\/gauledescoudans.fr\/wp-content\/uploads\/2023\/02\/truite-meline-2.jpg 483w, https:\/\/gauledescoudans.fr\/wp-content\/uploads\/2023\/02\/truite-meline-2-276x300.jpg 276w\" sizes=\"auto, (max-width: 483px) 100vw, 483px\" \/><\/figure>\n\n\n\n<figure class=\"wp-block-image size-large\"><img loading=\"lazy\" decoding=\"async\" width=\"720\" height=\"737\" data-id=\"216\" src=\"http:\/\/gauledescoudans.fr\/wp-content\/uploads\/2023\/02\/ST-acril-2018-black-bass-56.jpg\" alt=\"\" class=\"wp-image-216\" srcset=\"https:\/\/gauledescoudans.fr\/wp-content\/uploads\/2023\/02\/ST-acril-2018-black-bass-56.jpg 720w, https:\/\/gauledescoudans.fr\/wp-content\/uploads\/2023\/02\/ST-acril-2018-black-bass-56-293x300.jpg 293w\" sizes=\"auto, (max-width: 720px) 100vw, 720px\" \/><\/figure>\n\n\n\n<figure class=\"wp-block-image size-large\"><img loading=\"lazy\" decoding=\"async\" width=\"1017\" height=\"1024\" data-id=\"217\" src=\"http:\/\/gauledescoudans.fr\/wp-content\/uploads\/2023\/02\/ST-brochet-Patrick-1017x1024.jpg\" alt=\"\" class=\"wp-image-217\" srcset=\"https:\/\/gauledescoudans.fr\/wp-content\/uploads\/2023\/02\/ST-brochet-Patrick-1017x1024.jpg 1017w, https:\/\/gauledescoudans.fr\/wp-content\/uploads\/2023\/02\/ST-brochet-Patrick-298x300.jpg 298w, https:\/\/gauledescoudans.fr\/wp-content\/uploads\/2023\/02\/ST-brochet-Patrick-150x150.jpg 150w, https:\/\/gauledescoudans.fr\/wp-content\/uploads\/2023\/02\/ST-brochet-Patrick-768x774.jpg 768w, https:\/\/gauledescoudans.fr\/wp-content\/uploads\/2023\/02\/ST-brochet-Patrick-1525x1536.jpg 1525w, https:\/\/gauledescoudans.fr\/wp-content\/uploads\/2023\/02\/ST-brochet-Patrick-2033x2048.jpg 2033w, https:\/\/gauledescoudans.fr\/wp-content\/uploads\/2023\/02\/ST-brochet-Patrick.jpg 2037w\" sizes=\"auto, (max-width: 1017px) 100vw, 1017px\" \/><\/figure>\n\n\n\n<figure class=\"wp-block-image size-large\"><img loading=\"lazy\" decoding=\"async\" width=\"1024\" height=\"797\" data-id=\"292\" src=\"http:\/\/gauledescoudans.fr\/wp-content\/uploads\/2023\/02\/capture-Patrick-carpe-avril-2022-1024x797.jpg\" alt=\"\" class=\"wp-image-292\" srcset=\"https:\/\/gauledescoudans.fr\/wp-content\/uploads\/2023\/02\/capture-Patrick-carpe-avril-2022-1024x797.jpg 1024w, https:\/\/gauledescoudans.fr\/wp-content\/uploads\/2023\/02\/capture-Patrick-carpe-avril-2022-300x233.jpg 300w, https:\/\/gauledescoudans.fr\/wp-content\/uploads\/2023\/02\/capture-Patrick-carpe-avril-2022-768x597.jpg 768w, https:\/\/gauledescoudans.fr\/wp-content\/uploads\/2023\/02\/capture-Patrick-carpe-avril-2022-1536x1195.jpg 1536w, https:\/\/gauledescoudans.fr\/wp-content\/uploads\/2023\/02\/capture-Patrick-carpe-avril-2022-2048x1593.jpg 2048w\" sizes=\"auto, (max-width: 1024px) 100vw, 1024px\" \/><\/figure>\n<\/figure>\n\n\n\n<p class=\"has-text-align-center has-large-font-size\">Quelques captures insolites au lac<\/p>\n\n\n\n<div class=\"wp-block-columns is-layout-flex wp-container-core-columns-is-layout-28f84493 wp-block-columns-is-layout-flex\">\n<div class=\"wp-block-column is-layout-flow wp-block-column-is-layout-flow\" style=\"flex-basis:100%\">\n<figure class=\"wp-block-gallery has-nested-images columns-default is-cropped wp-block-gallery-2 is-layout-flex wp-block-gallery-is-layout-flex\">\n<figure class=\"wp-block-image size-large\"><img loading=\"lazy\" decoding=\"async\" width=\"629\" height=\"1024\" data-id=\"267\" src=\"http:\/\/gauledescoudans.fr\/wp-content\/uploads\/2023\/02\/capture-2019-Georges-1-629x1024.jpg\" alt=\"\" class=\"wp-image-267\" srcset=\"https:\/\/gauledescoudans.fr\/wp-content\/uploads\/2023\/02\/capture-2019-Georges-1-629x1024.jpg 629w, https:\/\/gauledescoudans.fr\/wp-content\/uploads\/2023\/02\/capture-2019-Georges-1-184x300.jpg 184w, https:\/\/gauledescoudans.fr\/wp-content\/uploads\/2023\/02\/capture-2019-Georges-1-768x1251.jpg 768w, https:\/\/gauledescoudans.fr\/wp-content\/uploads\/2023\/02\/capture-2019-Georges-1.jpg 845w\" sizes=\"auto, (max-width: 629px) 100vw, 629px\" \/><\/figure>\n\n\n\n<figure class=\"wp-block-image size-large\"><img loading=\"lazy\" decoding=\"async\" width=\"1024\" height=\"829\" data-id=\"268\" src=\"http:\/\/gauledescoudans.fr\/wp-content\/uploads\/2023\/02\/capture-2019-Moule-George-1024x829.jpg\" alt=\"\" class=\"wp-image-268\" srcset=\"https:\/\/gauledescoudans.fr\/wp-content\/uploads\/2023\/02\/capture-2019-Moule-George-1024x829.jpg 1024w, https:\/\/gauledescoudans.fr\/wp-content\/uploads\/2023\/02\/capture-2019-Moule-George-300x243.jpg 300w, https:\/\/gauledescoudans.fr\/wp-content\/uploads\/2023\/02\/capture-2019-Moule-George-768x622.jpg 768w, https:\/\/gauledescoudans.fr\/wp-content\/uploads\/2023\/02\/capture-2019-Moule-George-1536x1243.jpg 1536w, https:\/\/gauledescoudans.fr\/wp-content\/uploads\/2023\/02\/capture-2019-Moule-George.jpg 1683w\" sizes=\"auto, (max-width: 1024px) 100vw, 1024px\" \/><\/figure>\n\n\n\n<figure class=\"wp-block-image size-large\"><img loading=\"lazy\" decoding=\"async\" width=\"702\" height=\"978\" data-id=\"269\" src=\"http:\/\/gauledescoudans.fr\/wp-content\/uploads\/2023\/02\/ST-captures-Juin-ecrevisse.jpg\" alt=\"\" class=\"wp-image-269\" srcset=\"https:\/\/gauledescoudans.fr\/wp-content\/uploads\/2023\/02\/ST-captures-Juin-ecrevisse.jpg 702w, https:\/\/gauledescoudans.fr\/wp-content\/uploads\/2023\/02\/ST-captures-Juin-ecrevisse-215x300.jpg 215w\" sizes=\"auto, (max-width: 702px) 100vw, 702px\" \/><\/figure>\n<\/figure>\n<\/div>\n<\/div>\n","protected":false},"excerpt":{"rendered":"<p>Au lac&#8230; Les belles captures de 2024 Bravo \u00e0 Lou, 5 ans, qui inaugure notre &#8220;tableau d&#8217;honneur&#8221; 2024 des p\u00eacheurs lac avec cette premi\u00e8re belle capture le 24 f\u00e9vrier. Toutes nos f\u00e9licitations ! Toutes nos f\u00e9licitations \u00e0 Anthony D pour cette superbe carpe, prise avec un petit leurre dur et remise \u00e0 l&#8217;eau peu apr\u00e8s. [&hellip;]<\/p>\n","protected":false},"author":1,"featured_media":0,"parent":51,"menu_order":2,"comment_status":"closed","ping_status":"closed","template":"","meta":{"footnotes":""},"class_list":["post-183","page","type-page","status-publish","hentry"],"_links":{"self":[{"href":"https:\/\/gauledescoudans.fr\/index.php\/wp-json\/wp\/v2\/pages\/183","targetHints":{"allow":["GET"]}}],"collection":[{"href":"https:\/\/gauledescoudans.fr\/index.php\/wp-json\/wp\/v2\/pages"}],"about":[{"href":"https:\/\/gauledescoudans.fr\/index.php\/wp-json\/wp\/v2\/types\/page"}],"author":[{"embeddable":true,"href":"https:\/\/gauledescoudans.fr\/index.php\/wp-json\/wp\/v2\/users\/1"}],"replies":[{"embeddable":true,"href":"https:\/\/gauledescoudans.fr\/index.php\/wp-json\/wp\/v2\/comments?post=183"}],"version-history":[{"count":18,"href":"https:\/\/gauledescoudans.fr\/index.php\/wp-json\/wp\/v2\/pages\/183\/revisions"}],"predecessor-version":[{"id":882,"href":"https:\/\/gauledescoudans.fr\/index.php\/wp-json\/wp\/v2\/pages\/183\/revisions\/882"}],"up":[{"embeddable":true,"href":"https:\/\/gauledescoudans.fr\/index.php\/wp-json\/wp\/v2\/pages\/51"}],"wp:attachment":[{"href":"https:\/\/gauledescoudans.fr\/index.php\/wp-json\/wp\/v2\/media?parent=183"}],"curies":[{"name":"wp","href":"https:\/\/api.w.org\/{rel}","templated":true}]}}